{"id":4400,"date":"2021-10-12T15:51:09","date_gmt":"2021-10-12T15:51:09","guid":{"rendered":"http:\/\/dummy.xtemos.com\/woodmart2\/elementor\/?page_id=4400"},"modified":"2023-10-18T09:20:15","modified_gmt":"2023-10-18T09:20:15","slug":"about-us-3","status":"publish","type":"page","link":"https:\/\/domigo.shop\/bs\/about-us-3\/","title":{"rendered":"O nama"},"content":{"rendered":"<div data-elementor-type=\"wp-page\" data-elementor-id=\"4400\" class=\"elementor elementor-4400\">\n\t\t\t\t\t\t<section class=\"wd-negative-gap elementor-section elementor-top-section elementor-element elementor-element-3c548bca elementor-reverse-tablet elementor-reverse-mobile elementor-section-boxed elementor-section-height-default elementor-section-height-default\" data-id=\"3c548bca\" data-element_type=\"section\">\n\t\t\t\t\t\t<div class=\"elementor-container elementor-column-gap-default\">\n\t\t\t\t\t<div class=\"elementor-column elementor-col-50 elementor-top-column elementor-element elementor-element-1d354ed7\" data-id=\"1d354ed7\" data-element_type=\"column\">\n\t\t\t<div class=\"elementor-widget-wrap elementor-element-populated\">\n\t\t\t\t\t\t<div class=\"elementor-element elementor-element-3b8f1c6 elementor-widget elementor-widget-wd_image_or_svg\" data-id=\"3b8f1c6\" data-element_type=\"widget\" data-widget_type=\"wd_image_or_svg.default\">\n\t\t\t\t<div class=\"elementor-widget-container\">\n\t\t\t\t\t\n\t\t<div class=\"wd-image text-left\">\n\t\t\t\t\t\t\t\t<img fetchpriority=\"high\" decoding=\"async\" width=\"1080\" height=\"810\" src=\"https:\/\/domigo.shop\/wp-content\/uploads\/2023\/10\/viber_slika_2023-10-15_20-34-49-252.jpg\" class=\"attachment-full size-full\" alt=\"\" srcset=\"https:\/\/domigo.shop\/wp-content\/uploads\/2023\/10\/viber_slika_2023-10-15_20-34-49-252.jpg 1080w, https:\/\/domigo.shop\/wp-content\/uploads\/2023\/10\/viber_slika_2023-10-15_20-34-49-252-150x113.jpg 150w, https:\/\/domigo.shop\/wp-content\/uploads\/2023\/10\/viber_slika_2023-10-15_20-34-49-252-700x525.jpg 700w, https:\/\/domigo.shop\/wp-content\/uploads\/2023\/10\/viber_slika_2023-10-15_20-34-49-252-400x300.jpg 400w, https:\/\/domigo.shop\/wp-content\/uploads\/2023\/10\/viber_slika_2023-10-15_20-34-49-252-1067x800.jpg 1067w, https:\/\/domigo.shop\/wp-content\/uploads\/2023\/10\/viber_slika_2023-10-15_20-34-49-252-768x576.jpg 768w, https:\/\/domigo.shop\/wp-content\/uploads\/2023\/10\/viber_slika_2023-10-15_20-34-49-252-860x645.jpg 860w\" sizes=\"(max-width: 1080px) 100vw, 1080px\" \/>\t\t\t\t\t<\/div>\n\n\t\t\t\t\t\t<\/div>\n\t\t\t\t<\/div>\n\t\t\t\t\t<\/div>\n\t\t<\/div>\n\t\t\t\t<div class=\"elementor-column elementor-col-50 elementor-top-column elementor-element elementor-element-7a9daa7\" data-id=\"7a9daa7\" data-element_type=\"column\">\n\t\t\t<div class=\"elementor-widget-wrap elementor-element-populated\">\n\t\t\t\t\t\t<div class=\"elementor-element elementor-element-18566191 wd-width-100 elementor-widget elementor-widget-wd_title\" data-id=\"18566191\" data-element_type=\"widget\" data-widget_type=\"wd_title.default\">\n\t\t\t\t<div class=\"elementor-widget-container\">\n\t\t\t\t\t\t\t<div class=\"title-wrapper wd-set-mb reset-last-child wd-title-color-primary wd-title-style-default wd-title-size-large text-left\">\n\n\t\t\t\t\t\t\t\t\t\t\t<div class=\"title-subtitle subtitle-color-primary subtitle-style-default wd-fontsize-xs\">\n\t\t\t\t\tDizajn koji izgleda elegantno\t\t\t\t<\/div>\n\t\t\t\n\t\t\t<div class=\"liner-continer\">\n\t\t\t\t<h4 class=\"woodmart-title-container title wd-fontsize-xxl\">O na\u0161oj online prodavnici<\/h4> \n\t\t\t\t\t\t\t<\/div>\n\n\t\t\t\t\t\t\t<div class=\"title-after_title reset-last-child wd-fontsize-s\">\n\t\t\t\t\t<p>Dobrodo\u0161li u na\u0161u online prodavnicu namje\u0161taja za dom - va\u0161a destinacija za kvalitetne komade namje\u0161taja koji \u0107e donijeti stil, udobnost i funkcionalnost u va\u0161 dom. Na\u0161a web stranica posve\u0107ena je ponudi \u0161irokog spektra opcija za opremanje svake sobe u va\u0161em domu, od dnevnog boravka, spava\u0107e sobe, kuhinje, trpezarije pa do vrta i terase.<\/p>\t\t\t\t<\/div>\n\t\t\t\t\t<\/div>\n\t\t\t\t\t\t<\/div>\n\t\t\t\t<\/div>\n\t\t\t\t<div class=\"elementor-element elementor-element-cf34ae6 elementor-widget elementor-widget-wd_text_block\" data-id=\"cf34ae6\" data-element_type=\"widget\" data-widget_type=\"wd_text_block.default\">\n\t\t\t\t<div class=\"elementor-widget-container\">\n\t\t\t\t\t\t\t<div class=\"wd-text-block reset-last-child text-left\">\n\t\t\t\n\t\t\t<div class=\"group final-completion w-full text-token-text-primary border-b border-black\/10 gizmo:border-0 dark:border-gray-900\/50 gizmo:dark:border-0 bg-gray-50 gizmo:bg-transparent dark:bg-[#444654] gizmo:dark:bg-transparent\" data-testid=\"conversation-turn-5\"><div class=\"p-4 justify-center text-base md:gap-6 md:py-6 m-auto\"><div class=\"flex flex-1 gap-4 text-base mx-auto md:gap-6 gizmo:gap-3 gizmo:md:px-5 gizmo:lg:px-1 gizmo:xl:px-5 md:max-w-2xl lg:max-w-[38rem] gizmo:md:max-w-3xl gizmo:lg:max-w-[40rem] gizmo:xl:max-w-[48rem] xl:max-w-3xl }\"><div class=\"relative flex w-[calc(100%-50px)] flex-col gizmo:w-full lg:w-[calc(100%-115px)] agent-turn\"><div class=\"flex-col gap-1 md:gap-3\"><div class=\"flex flex-grow flex-col gap-3 max-w-full\"><div class=\"min-h-[20px] flex flex-col items-start gap-3 whitespace-pre-wrap break-words overflow-x-auto\"><div class=\"markdown prose w-full break-words dark:prose-invert light\"><p>Ono \u0161to nas \u010dini posebnim:<\/p><ol><li><p><strong>Raznovrsnost i Kvalitet<\/strong>Na\u0161 izbor obuhvata razli\u010dite stilove i materijale namje\u0161taja, od modernog minimalizma do rusti\u010dnog \u0161arma. Svi proizvodi pa\u017eljivo su odabrani i pro\u0161li su stroge kontrole kvaliteta kako bi zadovoljili najvi\u0161e standarde.<\/p><\/li><li><p><strong>Prilago\u0111avanje prema va\u0161im potrebama<\/strong>Razumijemo da svaki dom ima jedinstvene zahtjeve. Zato nudimo opcije prilago\u0111avanja i savjete za dizajn kako biste prona\u0161li komade namje\u0161taja koji odgovaraju va\u0161em prostoru i stilu.<\/p><\/li><li><p><strong>Pristupa\u010dne cijene<\/strong>Cijenimo va\u0161 bud\u017eet, stoga nudimo konkurentske cijene i \u010desto imamo posebne ponude i popuste kako bismo osigurali da dobijete najbolju vrijednost za svoj novac.<\/p><\/li><li><p><strong>Brza dostava i pouzdana usluga<\/strong>Na\u0161 tim radi naporno kako bi obezbijedio brzu dostavu va\u0161ih narud\u017ebi. Tako\u0111er pru\u017eamo pouzdanu podr\u0161ku za korisnike kako bismo vam pomogli ili odgovorili na bilo kakva pitanja.<\/p><\/li><li><p><strong>Inspiracija za dekoraciju.<\/strong>Na\u0161 blog i vodi\u010di za dekoraciju pru\u017eit \u0107e vam inspiraciju i savjete o tome kako iskoristiti na\u0161 namje\u0161taj u va\u0161em domu.<\/p><\/li><\/ol><p>Bilo da tra\u017eite udoban kau\u010d, elegantan trpezarijski sto, rje\u0161enja za skladi\u0161tenje ili bilo koji drugi komad namje\u0161taja, vjerujemo da \u0107ete prona\u0107i savr\u0161en izbor na na\u0161oj web stranici. Pretra\u017eite na\u0161u kolekciju danas i transformi\u0161ite svoj dom u prostor u kojem mo\u017eete u\u017eivati i osje\u0107ati se udobno. Hvala vam \u0161to ste nas izabrali za va\u0161e potrebe za opremanjem doma!<\/p><\/div><\/div><\/div><\/div><\/div><\/div><\/div><\/div>\n\t\t\t\t\t<\/div>\n\t\t\t\t\t\t<\/div>\n\t\t\t\t<\/div>\n\t\t\t\t<section class=\"wd-negative-gap elementor-section elementor-inner-section elementor-element elementor-element-6c441740 elementor-section-boxed elementor-section-height-default elementor-section-height-default\" data-id=\"6c441740\" data-element_type=\"section\">\n\t\t\t\t\t\t<div class=\"elementor-container elementor-column-gap-default\">\n\t\t\t\t\t<div class=\"elementor-column elementor-col-100 elementor-inner-column elementor-element elementor-element-2340cadd\" data-id=\"2340cadd\" data-element_type=\"column\">\n\t\t\t<div class=\"elementor-widget-wrap elementor-element-populated\">\n\t\t\t\t\t\t<div class=\"elementor-element elementor-element-bd4094d elementor-widget__width-auto elementor-widget elementor-widget-wd_text_block\" data-id=\"bd4094d\" data-element_type=\"widget\" data-widget_type=\"wd_text_block.default\">\n\t\t\t\t<div class=\"elementor-widget-container\">\n\t\t\t\t\t\t\t<div class=\"wd-text-block reset-last-child text-left\">\n\t\t\t\n\t\t\t\n\t\t\t\t\t<\/div>\n\t\t\t\t\t\t<\/div>\n\t\t\t\t<\/div>\n\t\t\t\t<div class=\"elementor-element elementor-element-5292d768 elementor-widget__width-auto elementor-hidden-phone elementor-widget elementor-widget-wd_social_buttons\" data-id=\"5292d768\" data-element_type=\"widget\" data-widget_type=\"wd_social_buttons.default\">\n\t\t\t\t<div class=\"elementor-widget-container\">\n\t\t\t\t\t\t\t\t<div\n\t\t\t\t\t\tclass=\"wd-social-icons wd-style-colored-alt wd-size-small social-share wd-shape-circle color-scheme-dark text-left\">\n\t\t\t\t\n\t\t\t\t\n\t\t\t\t\t\t\t\t\t<a rel=\"noopener noreferrer nofollow\" href=\"https:\/\/www.facebook.com\/sharer\/sharer.php?u=https:\/\/domigo.shop\/bs\/about-us-3\/\" target=\"_blank\" class=\"wd-social-icon social-facebook\" aria-label=\"Facebook social link\">\n\t\t\t\t\t\t<span class=\"wd-icon\"><\/span>\n\t\t\t\t\t\t\t\t\t\t\t<\/a>\n\t\t\t\t\n\t\t\t\t\t\t\t\t\t<a rel=\"noopener noreferrer nofollow\" href=\"https:\/\/x.com\/share?url=https:\/\/domigo.shop\/bs\/about-us-3\/\" target=\"_blank\" class=\"wd-social-icon social-twitter\" aria-label=\"X social link\">\n\t\t\t\t\t\t<span class=\"wd-icon\"><\/span>\n\t\t\t\t\t\t\t\t\t\t\t<\/a>\n\t\t\t\t\n\t\t\t\t\n\t\t\t\t\n\t\t\t\t\n\t\t\t\t\n\t\t\t\t\n\t\t\t\t\t\t\t\t\t<a rel=\"noopener noreferrer nofollow\" href=\"https:\/\/pinterest.com\/pin\/create\/button\/?url=https:\/\/domigo.shop\/bs\/about-us-3\/&media=https:\/\/domigo.shop\/wp-includes\/images\/media\/default.svg&description=About+us\" target=\"_blank\" class=\"wd-social-icon social-pinterest\" aria-label=\"Pinterest social link\">\n\t\t\t\t\t\t<span class=\"wd-icon\"><\/span>\n\t\t\t\t\t\t\t\t\t\t\t<\/a>\n\t\t\t\t\n\t\t\t\t\n\t\t\t\t\t\t\t\t\t<a rel=\"noopener noreferrer nofollow\" href=\"https:\/\/www.linkedin.com\/shareArticle?mini=true&url=https:\/\/domigo.shop\/bs\/about-us-3\/\" target=\"_blank\" class=\"wd-social-icon social-linkedin\" aria-label=\"Linkedin social link\">\n\t\t\t\t\t\t<span class=\"wd-icon\"><\/span>\n\t\t\t\t\t\t\t\t\t\t\t<\/a>\n\t\t\t\t\n\t\t\t\t\n\t\t\t\t\n\t\t\t\t\n\t\t\t\t\n\t\t\t\t\n\t\t\t\t\n\t\t\t\t\n\t\t\t\t\n\t\t\t\t\n\t\t\t\t\n\t\t\t\t\n\t\t\t\t\n\t\t\t\t\n\t\t\t\t\n\t\t\t\t\t\t\t\t\t<a rel=\"noopener noreferrer nofollow\" href=\"https:\/\/telegram.me\/share\/url?url=https:\/\/domigo.shop\/bs\/about-us-3\/\" target=\"_blank\" class=\"wd-social-icon social-tg\" aria-label=\"Telegram social link\">\n\t\t\t\t\t\t<span class=\"wd-icon\"><\/span>\n\t\t\t\t\t\t\t\t\t\t\t<\/a>\n\t\t\t\t\n\t\t\t\t\n\t\t\t<\/div>\n\n\t\t\t\t\t\t<\/div>\n\t\t\t\t<\/div>\n\t\t\t\t\t<\/div>\n\t\t<\/div>\n\t\t\t\t\t<\/div>\n\t\t<\/section>\n\t\t\t\t\t<\/div>\n\t\t<\/div>\n\t\t\t\t\t<\/div>\n\t\t<\/section>\n\t\t\t\t<\/div>","protected":false},"excerpt":{"rendered":"<p>SEEMINGLY ELEGANT DESIGN About our online store Welcome to our online home furniture store &#8211; your destination for quality furniture<\/p>","protected":false},"author":1,"featured_media":0,"parent":0,"menu_order":0,"comment_status":"closed","ping_status":"closed","template":"","meta":{"footnotes":""},"class_list":["post-4400","page","type-page","status-publish","hentry"],"jetpack_sharing_enabled":true,"_links":{"self":[{"href":"https:\/\/domigo.shop\/bs\/wp-json\/wp\/v2\/pages\/4400","targetHints":{"allow":["GET"]}}],"collection":[{"href":"https:\/\/domigo.shop\/bs\/wp-json\/wp\/v2\/pages"}],"about":[{"href":"https:\/\/domigo.shop\/bs\/wp-json\/wp\/v2\/types\/page"}],"author":[{"embeddable":true,"href":"https:\/\/domigo.shop\/bs\/wp-json\/wp\/v2\/users\/1"}],"replies":[{"embeddable":true,"href":"https:\/\/domigo.shop\/bs\/wp-json\/wp\/v2\/comments?post=4400"}],"version-history":[{"count":9,"href":"https:\/\/domigo.shop\/bs\/wp-json\/wp\/v2\/pages\/4400\/revisions"}],"predecessor-version":[{"id":15669,"href":"https:\/\/domigo.shop\/bs\/wp-json\/wp\/v2\/pages\/4400\/revisions\/15669"}],"wp:attachment":[{"href":"https:\/\/domigo.shop\/bs\/wp-json\/wp\/v2\/media?parent=4400"}],"curies":[{"name":"wp","href":"https:\/\/api.w.org\/{rel}","templated":true}]}}