{"id":15763,"date":"2023-12-16T15:16:13","date_gmt":"2023-12-16T15:16:13","guid":{"rendered":"https:\/\/domigo.shop\/?post_type=product&#038;p=15763"},"modified":"2023-12-16T15:16:13","modified_gmt":"2023-12-16T15:16:13","slug":"luxusbett-180x200","status":"publish","type":"product","link":"https:\/\/domigo.shop\/bs\/proizvod\/luxusbett-180x200\/","title":{"rendered":"Luxusbett 180&#215;200"},"content":{"rendered":"<div class=\"w-full text-token-text-primary\" data-testid=\"conversation-turn-11\">\n<div class=\"px-4 py-2 justify-center text-base md:gap-6 m-auto\">\n<div class=\"flex flex-1 text-base mx-auto gap-3 md:px-5 lg:px-1 xl:px-5 md:max-w-3xl lg:max-w-[40rem] xl:max-w-[48rem] group\">\n<div class=\"relative flex w-full flex-col lg:w-[calc(100%-115px)] agent-turn\">\n<div class=\"flex-col gap-1 md:gap-3\">\n<div class=\"flex flex-grow flex-col max-w-full\">\n<div class=\"min-h-[20px] text-message flex flex-col items-start gap-3 whitespace-pre-wrap break-words [.text-message+&amp;]:mt-5 overflow-x-auto\" data-message-author-role=\"assistant\" data-message-id=\"1f26b486-34dd-4bc0-afce-74d17331ccbe\">\n<div class=\"markdown prose w-full break-words dark:prose-invert light\">\n<p><strong>Luxusbett: Eleganz und Erholung in Einem<\/strong><\/p>\n<p>Tauchen Sie ein in den Luxus des Schlafes mit unserem exquisiten Luxusbett. Dieses herausragende M\u00f6belst\u00fcck vereint raffiniertes Design mit unvergleichlichem Komfort und schafft so eine Oase der Entspannung in Ihrem Schlafzimmer.<\/p>\n<p><strong>Edles Design:<\/strong> Das Luxusbett pr\u00e4sentiert sich mit einem edlen Design, das zeitlose Eleganz verk\u00f6rpert. Klare Linien, feinste Materialien und sorgf\u00e4ltig ausgew\u00e4hlte Details machen dieses Bett zu einem Kunstwerk, das Ihr Schlafzimmer aufwertet.<\/p>\n<p><strong>Hochwertige Materialien:<\/strong> Die Verwendung erstklassiger Materialien steht im Mittelpunkt unseres Luxusbettes. Von exquisiten Holzoberfl\u00e4chen bis zu luxuri\u00f6sen Polsterungen &#8211; jedes Element wurde mit h\u00f6chster Sorgfalt ausgew\u00e4hlt, um Ihnen ein Schlafumfeld von h\u00f6chster Qualit\u00e4t zu bieten.<\/p>\n<p><strong>Komfort der Spitzenklasse:<\/strong> Tauchen Sie ein in einen Schlaf von un\u00fcbertroffener Bequemlichkeit. Die gro\u00dfz\u00fcgige Liegefl\u00e4che und die hochwertigen Matratzen bieten nicht nur Unterst\u00fctzung, sondern schaffen auch eine Wohlf\u00fchlatmosph\u00e4re, die Sie jede Nacht in einen erholsamen Schlaf begleitet.<\/p>\n<p><strong>Individuelle Gestaltungsm\u00f6glichkeiten:<\/strong> Unser Luxusbett ist nicht nur ein M\u00f6belst\u00fcck, sondern eine Ausdrucksform Ihres pers\u00f6nlichen Stils. Mit verschiedenen Stiloptionen und Anpassungsm\u00f6glichkeiten k\u00f6nnen Sie Ihr Schlafzimmer nach Ihren W\u00fcnschen gestalten.<\/p>\n<p><strong>Ein Hauch von Glamour:<\/strong> Das Luxusbett f\u00fcgt Ihrem Schlafzimmer einen Hauch von Glamour hinzu. Egal ob zeitgen\u00f6ssisch oder klassisch, dieses Bett ist eine zeitlose Erg\u00e4nzung, die Ihren Schlafbereich in einen Ort der Ruhe und Eleganz verwandelt.<\/p>\n<p>Genie\u00dfen Sie eine Nacht voller Luxus und Stil mit unserem exklusiven Luxusbett \u2013 wo Design auf Erholung trifft.<\/p>\n<\/div>\n<\/div>\n<\/div>\n<div class=\"mt-1 flex justify-start gap-3 empty:hidden\">\n<div class=\"text-gray-400 flex self-end lg:self-center justify-center lg:justify-start mt-0 gap-1 visible\"><\/div>\n<\/div>\n<\/div>\n<\/div>\n<\/div>\n<\/div>\n<\/div>\n<div class=\"w-full text-token-text-primary\" data-testid=\"conversation-turn-12\">\n<div class=\"px-4 py-2 justify-center text-base md:gap-6 m-auto\">\n<div class=\"flex flex-1 text-base mx-auto gap-3 md:px-5 lg:px-1 xl:px-5 md:max-w-3xl lg:max-w-[40rem] xl:max-w-[48rem] group\">\n<div class=\"flex-shrink-0 flex flex-col relative items-end\">\n<div>\n<div class=\"pt-0.5\">\n<div class=\"gizmo-shadow-stroke flex h-6 w-6 items-center justify-center overflow-hidden rounded-full\"><\/div>\n<\/div>\n<\/div>\n<\/div>\n<\/div>\n<\/div>\n<\/div>","protected":false},"excerpt":{"rendered":"<p>180x200cm<\/p>","protected":false},"featured_media":15764,"comment_status":"open","ping_status":"closed","template":"","meta":[],"product_brand":[],"product_cat":[20],"product_tag":[80,79,81],"class_list":{"0":"post-15763","1":"product","2":"type-product","3":"status-publish","4":"has-post-thumbnail","6":"product_cat-accessories","7":"product_tag-beds","8":"product_tag-furniture","9":"product_tag-other-furniture","11":"first","12":"instock","13":"shipping-taxable","14":"purchasable","15":"product-type-simple"},"jetpack_sharing_enabled":true,"_links":{"self":[{"href":"https:\/\/domigo.shop\/bs\/wp-json\/wp\/v2\/product\/15763","targetHints":{"allow":["GET"]}}],"collection":[{"href":"https:\/\/domigo.shop\/bs\/wp-json\/wp\/v2\/product"}],"about":[{"href":"https:\/\/domigo.shop\/bs\/wp-json\/wp\/v2\/types\/product"}],"replies":[{"embeddable":true,"href":"https:\/\/domigo.shop\/bs\/wp-json\/wp\/v2\/comments?post=15763"}],"version-history":[{"count":1,"href":"https:\/\/domigo.shop\/bs\/wp-json\/wp\/v2\/product\/15763\/revisions"}],"predecessor-version":[{"id":15765,"href":"https:\/\/domigo.shop\/bs\/wp-json\/wp\/v2\/product\/15763\/revisions\/15765"}],"wp:featuredmedia":[{"embeddable":true,"href":"https:\/\/domigo.shop\/bs\/wp-json\/wp\/v2\/media\/15764"}],"wp:attachment":[{"href":"https:\/\/domigo.shop\/bs\/wp-json\/wp\/v2\/media?parent=15763"}],"wp:term":[{"taxonomy":"product_brand","embeddable":true,"href":"https:\/\/domigo.shop\/bs\/wp-json\/wp\/v2\/product_brand?post=15763"},{"taxonomy":"product_cat","embeddable":true,"href":"https:\/\/domigo.shop\/bs\/wp-json\/wp\/v2\/product_cat?post=15763"},{"taxonomy":"product_tag","embeddable":true,"href":"https:\/\/domigo.shop\/bs\/wp-json\/wp\/v2\/product_tag?post=15763"}],"curies":[{"name":"wp","href":"https:\/\/api.w.org\/{rel}","templated":true}]}}