{"id":15769,"date":"2023-12-28T18:12:36","date_gmt":"2023-12-28T18:12:36","guid":{"rendered":"https:\/\/domigo.shop\/?post_type=product&#038;p=15769"},"modified":"2024-03-16T10:07:40","modified_gmt":"2024-03-16T10:07:40","slug":"palermo-pink","status":"publish","type":"product","link":"https:\/\/domigo.shop\/bs\/proizvod\/palermo-pink\/","title":{"rendered":"Palermo pink"},"content":{"rendered":"<p>Die Garnitur &#8220;Palermo Pink&#8221; bringt eine Prise Raffinesse und Lebendigkeit in Ihren Raum. Diese Garnitur wurde mit besonderer Liebe zum Detail entworfen und vereint Eleganz und Komfort. Die rosa T\u00f6ne betonen das subtile Spiel der Farben und schaffen eine Atmosph\u00e4re von W\u00e4rme und Frische. Hochwertige Materialien sorgen f\u00fcr eine sanfte Haptik, w\u00e4hrend die Sitzgelegenheiten Unterst\u00fctzung und Komfort bieten. Palermo Pink wurde konzipiert, um den Raum mit lebendigem Charakter zu beleben und ihn zu einem attraktiven und gem\u00fctlichen Ort zum Entspannen oder geselligen Beisammensein zu machen. Diese Garnitur zeichnet sich durch ihr modernes Design und die Farbgebung aus und macht jeden Moment, der in ihr verbracht wird, besonders und angenehm.<\/p>","protected":false},"excerpt":{"rendered":"<p>Die Garnitur &#8220;Palermo Pink&#8221; bringt eine Prise Raffinesse und Lebendigkeit in Ihren Raum. Diese Garnitur wurde mit besonderer Liebe zum<\/p>","protected":false},"featured_media":15770,"comment_status":"open","ping_status":"closed","template":"","meta":[],"product_brand":[],"product_cat":[20,75,71],"product_tag":[84,85,87,78,86],"class_list":{"0":"post-15769","1":"product","2":"type-product","3":"status-publish","4":"has-post-thumbnail","6":"product_cat-accessories","7":"product_cat-other-furniture","8":"product_cat-sofas","9":"product_tag-mobel-kaufen","10":"product_tag-online-mobelhaus","11":"product_tag-schlafzimmermobel","12":"product_tag-sofas","13":"product_tag-wohnzimmermobel","15":"first","16":"instock","17":"shipping-taxable","18":"purchasable","19":"product-type-simple"},"jetpack_sharing_enabled":true,"_links":{"self":[{"href":"https:\/\/domigo.shop\/bs\/wp-json\/wp\/v2\/product\/15769","targetHints":{"allow":["GET"]}}],"collection":[{"href":"https:\/\/domigo.shop\/bs\/wp-json\/wp\/v2\/product"}],"about":[{"href":"https:\/\/domigo.shop\/bs\/wp-json\/wp\/v2\/types\/product"}],"replies":[{"embeddable":true,"href":"https:\/\/domigo.shop\/bs\/wp-json\/wp\/v2\/comments?post=15769"}],"version-history":[{"count":1,"href":"https:\/\/domigo.shop\/bs\/wp-json\/wp\/v2\/product\/15769\/revisions"}],"predecessor-version":[{"id":15771,"href":"https:\/\/domigo.shop\/bs\/wp-json\/wp\/v2\/product\/15769\/revisions\/15771"}],"wp:featuredmedia":[{"embeddable":true,"href":"https:\/\/domigo.shop\/bs\/wp-json\/wp\/v2\/media\/15770"}],"wp:attachment":[{"href":"https:\/\/domigo.shop\/bs\/wp-json\/wp\/v2\/media?parent=15769"}],"wp:term":[{"taxonomy":"product_brand","embeddable":true,"href":"https:\/\/domigo.shop\/bs\/wp-json\/wp\/v2\/product_brand?post=15769"},{"taxonomy":"product_cat","embeddable":true,"href":"https:\/\/domigo.shop\/bs\/wp-json\/wp\/v2\/product_cat?post=15769"},{"taxonomy":"product_tag","embeddable":true,"href":"https:\/\/domigo.shop\/bs\/wp-json\/wp\/v2\/product_tag?post=15769"}],"curies":[{"name":"wp","href":"https:\/\/api.w.org\/{rel}","templated":true}]}}