{"id":16348,"date":"2026-04-28T09:24:05","date_gmt":"2026-04-28T09:24:05","guid":{"rendered":"https:\/\/domigo.shop\/?post_type=product&#038;p=16348"},"modified":"2026-04-28T09:24:05","modified_gmt":"2026-04-28T09:24:05","slug":"ormar-nevada","status":"publish","type":"product","link":"https:\/\/domigo.shop\/bs\/proizvod\/ormar-nevada\/","title":{"rendered":"Ormar Nevada"},"content":{"rendered":"<p data-start=\"276\" data-end=\"520\">Ormar <strong data-start=\"282\" data-end=\"292\">Nevada<\/strong> predstavlja savr\u0161eno rje\u0161enje za uredno i pregledno odlaganje odje\u0107e i dodataka. Dizajniran s naglaskom na funkcionalnost i estetiku, ovaj model se lako uklapa u razli\u010dite stilove enterijera \u2013 od modernih do klasi\u010dnih prostora.<\/p>\n<p data-start=\"522\" data-end=\"772\">Unutra\u0161njost ormara pa\u017eljivo je organizovana kako bi pru\u017eila maksimalnu iskoristivost prostora, uz kombinaciju polica i prostora za vje\u0161anje garderobe. Kvalitetna izrada i \u010dvrsti materijali garantuju dugotrajnost i stabilnost u svakodnevnoj upotrebi.<\/p>\n<p data-start=\"774\" data-end=\"1038\">Zahvaljuju\u0107i svom jednostavnom, ali elegantnom dizajnu, ormar Nevada je odli\u010dan izbor kako za spava\u0107e sobe, tako i za druge prostorije gdje je potrebna dodatna organizacija. Mogu\u0107nost odabira boja i zavr\u0161ne obrade omogu\u0107ava prilago\u0111avanje va\u0161im \u017eeljama i prostoru.<\/p>","protected":false},"excerpt":{"rendered":"<p data-start=\"70\" data-end=\"244\">Ormar <strong data-start=\"76\" data-end=\"86\">Nevada<\/strong> donosi moderan dizajn i maksimalnu funkcionalnost u va\u0161 prostor. Idealan je za organizaciju odje\u0107e uz elegantan izgled koji se lako uklapa u svaki enterijer.<\/p>","protected":false},"featured_media":16349,"comment_status":"open","ping_status":"closed","template":"","meta":[],"product_brand":[],"product_cat":[126],"product_tag":[],"class_list":{"0":"post-16348","1":"product","2":"type-product","3":"status-publish","4":"has-post-thumbnail","6":"product_cat-wardrobes","8":"first","9":"instock","10":"shipping-taxable","11":"purchasable","12":"product-type-simple"},"jetpack_sharing_enabled":true,"_links":{"self":[{"href":"https:\/\/domigo.shop\/bs\/wp-json\/wp\/v2\/product\/16348","targetHints":{"allow":["GET"]}}],"collection":[{"href":"https:\/\/domigo.shop\/bs\/wp-json\/wp\/v2\/product"}],"about":[{"href":"https:\/\/domigo.shop\/bs\/wp-json\/wp\/v2\/types\/product"}],"replies":[{"embeddable":true,"href":"https:\/\/domigo.shop\/bs\/wp-json\/wp\/v2\/comments?post=16348"}],"version-history":[{"count":2,"href":"https:\/\/domigo.shop\/bs\/wp-json\/wp\/v2\/product\/16348\/revisions"}],"predecessor-version":[{"id":16357,"href":"https:\/\/domigo.shop\/bs\/wp-json\/wp\/v2\/product\/16348\/revisions\/16357"}],"wp:featuredmedia":[{"embeddable":true,"href":"https:\/\/domigo.shop\/bs\/wp-json\/wp\/v2\/media\/16349"}],"wp:attachment":[{"href":"https:\/\/domigo.shop\/bs\/wp-json\/wp\/v2\/media?parent=16348"}],"wp:term":[{"taxonomy":"product_brand","embeddable":true,"href":"https:\/\/domigo.shop\/bs\/wp-json\/wp\/v2\/product_brand?post=16348"},{"taxonomy":"product_cat","embeddable":true,"href":"https:\/\/domigo.shop\/bs\/wp-json\/wp\/v2\/product_cat?post=16348"},{"taxonomy":"product_tag","embeddable":true,"href":"https:\/\/domigo.shop\/bs\/wp-json\/wp\/v2\/product_tag?post=16348"}],"curies":[{"name":"wp","href":"https:\/\/api.w.org\/{rel}","templated":true}]}}