{"id":4400,"date":"2021-10-12T15:51:09","date_gmt":"2021-10-12T15:51:09","guid":{"rendered":"http:\/\/dummy.xtemos.com\/woodmart2\/elementor\/?page_id=4400"},"modified":"2023-10-18T09:20:15","modified_gmt":"2023-10-18T09:20:15","slug":"about-us-3","status":"publish","type":"page","link":"https:\/\/domigo.shop\/de\/about-us-3\/","title":{"rendered":"\u00dcber Uns"},"content":{"rendered":"<div data-elementor-type=\"wp-page\" data-elementor-id=\"4400\" class=\"elementor elementor-4400\">\n\t\t\t\t\t\t<section class=\"wd-negative-gap elementor-section elementor-top-section elementor-element elementor-element-3c548bca elementor-reverse-tablet elementor-reverse-mobile elementor-section-boxed elementor-section-height-default elementor-section-height-default\" data-id=\"3c548bca\" data-element_type=\"section\">\n\t\t\t\t\t\t<div class=\"elementor-container elementor-column-gap-default\">\n\t\t\t\t\t<div class=\"elementor-column elementor-col-50 elementor-top-column elementor-element elementor-element-1d354ed7\" data-id=\"1d354ed7\" data-element_type=\"column\">\n\t\t\t<div class=\"elementor-widget-wrap elementor-element-populated\">\n\t\t\t\t\t\t<div class=\"elementor-element elementor-element-3b8f1c6 elementor-widget elementor-widget-wd_image_or_svg\" data-id=\"3b8f1c6\" data-element_type=\"widget\" data-widget_type=\"wd_image_or_svg.default\">\n\t\t\t\t<div class=\"elementor-widget-container\">\n\t\t\t\t\t\n\t\t<div class=\"wd-image text-left\">\n\t\t\t\t\t\t\t\t<img fetchpriority=\"high\" decoding=\"async\" width=\"1080\" height=\"810\" src=\"https:\/\/domigo.shop\/wp-content\/uploads\/2023\/10\/viber_slika_2023-10-15_20-34-49-252.jpg\" class=\"attachment-full size-full\" alt=\"\" srcset=\"https:\/\/domigo.shop\/wp-content\/uploads\/2023\/10\/viber_slika_2023-10-15_20-34-49-252.jpg 1080w, https:\/\/domigo.shop\/wp-content\/uploads\/2023\/10\/viber_slika_2023-10-15_20-34-49-252-150x113.jpg 150w, https:\/\/domigo.shop\/wp-content\/uploads\/2023\/10\/viber_slika_2023-10-15_20-34-49-252-700x525.jpg 700w, https:\/\/domigo.shop\/wp-content\/uploads\/2023\/10\/viber_slika_2023-10-15_20-34-49-252-400x300.jpg 400w, https:\/\/domigo.shop\/wp-content\/uploads\/2023\/10\/viber_slika_2023-10-15_20-34-49-252-1067x800.jpg 1067w, https:\/\/domigo.shop\/wp-content\/uploads\/2023\/10\/viber_slika_2023-10-15_20-34-49-252-768x576.jpg 768w, https:\/\/domigo.shop\/wp-content\/uploads\/2023\/10\/viber_slika_2023-10-15_20-34-49-252-860x645.jpg 860w\" sizes=\"(max-width: 1080px) 100vw, 1080px\" \/>\t\t\t\t\t<\/div>\n\n\t\t\t\t\t\t<\/div>\n\t\t\t\t<\/div>\n\t\t\t\t\t<\/div>\n\t\t<\/div>\n\t\t\t\t<div class=\"elementor-column elementor-col-50 elementor-top-column elementor-element elementor-element-7a9daa7\" data-id=\"7a9daa7\" data-element_type=\"column\">\n\t\t\t<div class=\"elementor-widget-wrap elementor-element-populated\">\n\t\t\t\t\t\t<div class=\"elementor-element elementor-element-18566191 wd-width-100 elementor-widget elementor-widget-wd_title\" data-id=\"18566191\" data-element_type=\"widget\" data-widget_type=\"wd_title.default\">\n\t\t\t\t<div class=\"elementor-widget-container\">\n\t\t\t\t\t\t\t<div class=\"title-wrapper wd-set-mb reset-last-child wd-title-color-primary wd-title-style-default wd-title-size-large text-left\">\n\n\t\t\t\t\t\t\t\t\t\t\t<div class=\"title-subtitle subtitle-color-primary subtitle-style-default wd-fontsize-xs\">\n\t\t\t\t\tScheinbar elegantes Design\t\t\t\t<\/div>\n\t\t\t\n\t\t\t<div class=\"liner-continer\">\n\t\t\t\t<h4 class=\"woodmart-title-container title wd-fontsize-xxl\">\u00dcber unseren Online-Shop<\/h4> \n\t\t\t\t\t\t\t<\/div>\n\n\t\t\t\t\t\t\t<div class=\"title-after_title reset-last-child wd-fontsize-s\">\n\t\t\t\t\t<p>Willkommen in unserem Online-M\u00f6belhaus - Ihr Ziel f\u00fcr qualitativ hochwertige M\u00f6belst\u00fccke, die Stil, Komfort und Funktionalit\u00e4t in Ihr Zuhause bringen werden. Unsere Website widmet sich der Bereitstellung einer breiten Palette von Optionen zur Einrichtung jedes Raums in Ihrem Zuhause, vom Wohnzimmer, Schlafzimmer, K\u00fcche, Esszimmer bis zum Garten und zur Terrasse.<\/p>\t\t\t\t<\/div>\n\t\t\t\t\t<\/div>\n\t\t\t\t\t\t<\/div>\n\t\t\t\t<\/div>\n\t\t\t\t<div class=\"elementor-element elementor-element-cf34ae6 elementor-widget elementor-widget-wd_text_block\" data-id=\"cf34ae6\" data-element_type=\"widget\" data-widget_type=\"wd_text_block.default\">\n\t\t\t\t<div class=\"elementor-widget-container\">\n\t\t\t\t\t\t\t<div class=\"wd-text-block reset-last-child text-left\">\n\t\t\t\n\t\t\t<div class=\"group final-completion w-full text-token-text-primary border-b border-black\/10 gizmo:border-0 dark:border-gray-900\/50 gizmo:dark:border-0 bg-gray-50 gizmo:bg-transparent dark:bg-[#444654] gizmo:dark:bg-transparent\" data-testid=\"conversation-turn-5\"><div class=\"p-4 justify-center text-base md:gap-6 md:py-6 m-auto\"><div class=\"flex flex-1 gap-4 text-base mx-auto md:gap-6 gizmo:gap-3 gizmo:md:px-5 gizmo:lg:px-1 gizmo:xl:px-5 md:max-w-2xl lg:max-w-[38rem] gizmo:md:max-w-3xl gizmo:lg:max-w-[40rem] gizmo:xl:max-w-[48rem] xl:max-w-3xl }\"><div class=\"relative flex w-[calc(100%-50px)] flex-col gizmo:w-full lg:w-[calc(100%-115px)] agent-turn\"><div class=\"flex-col gap-1 md:gap-3\"><div class=\"flex flex-grow flex-col gap-3 max-w-full\"><div class=\"min-h-[20px] flex flex-col items-start gap-3 whitespace-pre-wrap break-words overflow-x-auto\"><div class=\"markdown prose w-full break-words dark:prose-invert light\"><p>Was uns auszeichnet:<\/p><ol><li><p><strong>Vielfalt und Qualit\u00e4t<\/strong>Unsere Auswahl umfasst verschiedene Stile und M\u00f6belmaterialien, von modernem Minimalismus bis hin zum rustikalen Charme. Alle Produkte werden sorgf\u00e4ltig ausgew\u00e4hlt und haben strenge Qualit\u00e4tskontrollen durchlaufen, um h\u00f6chsten Standards gerecht zu werden.<\/p><\/li><li><p><strong>Anpassung an Ihre Bed\u00fcrfnisse<\/strong>Wir verstehen, dass jedes Zuhause einzigartige Anforderungen hat. Deshalb bieten wir anpassbare Optionen und Designberatung, um Ihnen bei der Auswahl von M\u00f6belst\u00fccken zu helfen, die zu Ihrem Raum und Stil passen.<\/p><\/li><li><p><strong>Erschwingliche Preise<\/strong>Wir sch\u00e4tzen Ihr Budget, daher bieten wir wettbewerbsf\u00e4hige Preise und haben h\u00e4ufig Sonderangebote und Rabatte, um sicherzustellen, dass Sie das beste Preis-Leistungs-Verh\u00e4ltnis erhalten.<\/p><\/li><li><p><strong>Schnelle Lieferung und zuverl\u00e4ssiger Service<\/strong>Unser Team arbeitet hart, um eine schnelle Lieferung Ihrer Bestellungen sicherzustellen. Wir bieten auch zuverl\u00e4ssigen Kundensupport, um Ihnen bei Fragen zu helfen.<\/p><\/li><li><p><strong>Dekorationsinspiration<\/strong>Unser Blog und Dekorationsratgeber bieten Ihnen Inspiration und Tipps, wie Sie das Beste aus unserem M\u00f6bel in Ihrem Zuhause machen k\u00f6nnen.<\/p><\/li><\/ol><p>Ganz gleich, ob Sie auf der Suche nach einem bequemen Sofa, einem eleganten Esstisch, L\u00f6sungen f\u00fcr die Aufbewahrung oder einem anderen M\u00f6belst\u00fcck sind, wir glauben, dass Sie auf unserer Website die perfekte Wahl finden werden. Durchst\u00f6bern Sie noch heute unsere Kollektion und verwandeln Sie Ihr Zuhause in einen Raum, in dem Sie sich wohlf\u00fchlen und genie\u00dfen k\u00f6nnen. Vielen Dank, dass Sie uns f\u00fcr Ihre Einrichtungsbed\u00fcrfnisse gew\u00e4hlt haben!<\/p><\/div><\/div><\/div><\/div><\/div><\/div><\/div><\/div>\n\t\t\t\t\t<\/div>\n\t\t\t\t\t\t<\/div>\n\t\t\t\t<\/div>\n\t\t\t\t<section class=\"wd-negative-gap elementor-section elementor-inner-section elementor-element elementor-element-6c441740 elementor-section-boxed elementor-section-height-default elementor-section-height-default\" data-id=\"6c441740\" data-element_type=\"section\">\n\t\t\t\t\t\t<div class=\"elementor-container elementor-column-gap-default\">\n\t\t\t\t\t<div class=\"elementor-column elementor-col-100 elementor-inner-column elementor-element elementor-element-2340cadd\" data-id=\"2340cadd\" data-element_type=\"column\">\n\t\t\t<div class=\"elementor-widget-wrap elementor-element-populated\">\n\t\t\t\t\t\t<div class=\"elementor-element elementor-element-bd4094d elementor-widget__width-auto elementor-widget elementor-widget-wd_text_block\" data-id=\"bd4094d\" data-element_type=\"widget\" data-widget_type=\"wd_text_block.default\">\n\t\t\t\t<div class=\"elementor-widget-container\">\n\t\t\t\t\t\t\t<div class=\"wd-text-block reset-last-child text-left\">\n\t\t\t\n\t\t\t\n\t\t\t\t\t<\/div>\n\t\t\t\t\t\t<\/div>\n\t\t\t\t<\/div>\n\t\t\t\t<div class=\"elementor-element elementor-element-5292d768 elementor-widget__width-auto elementor-hidden-phone elementor-widget elementor-widget-wd_social_buttons\" data-id=\"5292d768\" data-element_type=\"widget\" data-widget_type=\"wd_social_buttons.default\">\n\t\t\t\t<div class=\"elementor-widget-container\">\n\t\t\t\t\t\t\t\t<div\n\t\t\t\t\t\tclass=\"wd-social-icons wd-style-colored-alt wd-size-small social-share wd-shape-circle color-scheme-dark text-left\">\n\t\t\t\t\n\t\t\t\t\n\t\t\t\t\t\t\t\t\t<a rel=\"noopener noreferrer nofollow\" href=\"https:\/\/www.facebook.com\/sharer\/sharer.php?u=https:\/\/domigo.shop\/de\/about-us-3\/\" target=\"_blank\" class=\"wd-social-icon social-facebook\" aria-label=\"Facebook social link\">\n\t\t\t\t\t\t<span class=\"wd-icon\"><\/span>\n\t\t\t\t\t\t\t\t\t\t\t<\/a>\n\t\t\t\t\n\t\t\t\t\t\t\t\t\t<a rel=\"noopener noreferrer nofollow\" href=\"https:\/\/x.com\/share?url=https:\/\/domigo.shop\/de\/about-us-3\/\" target=\"_blank\" class=\"wd-social-icon social-twitter\" aria-label=\"X social link\">\n\t\t\t\t\t\t<span class=\"wd-icon\"><\/span>\n\t\t\t\t\t\t\t\t\t\t\t<\/a>\n\t\t\t\t\n\t\t\t\t\n\t\t\t\t\n\t\t\t\t\n\t\t\t\t\n\t\t\t\t\n\t\t\t\t\t\t\t\t\t<a rel=\"noopener noreferrer nofollow\" href=\"https:\/\/pinterest.com\/pin\/create\/button\/?url=https:\/\/domigo.shop\/de\/about-us-3\/&media=https:\/\/domigo.shop\/wp-includes\/images\/media\/default.svg&description=About+us\" target=\"_blank\" class=\"wd-social-icon social-pinterest\" aria-label=\"Pinterest social link\">\n\t\t\t\t\t\t<span class=\"wd-icon\"><\/span>\n\t\t\t\t\t\t\t\t\t\t\t<\/a>\n\t\t\t\t\n\t\t\t\t\n\t\t\t\t\t\t\t\t\t<a rel=\"noopener noreferrer nofollow\" href=\"https:\/\/www.linkedin.com\/shareArticle?mini=true&url=https:\/\/domigo.shop\/de\/about-us-3\/\" target=\"_blank\" class=\"wd-social-icon social-linkedin\" aria-label=\"Linkedin social link\">\n\t\t\t\t\t\t<span class=\"wd-icon\"><\/span>\n\t\t\t\t\t\t\t\t\t\t\t<\/a>\n\t\t\t\t\n\t\t\t\t\n\t\t\t\t\n\t\t\t\t\n\t\t\t\t\n\t\t\t\t\n\t\t\t\t\n\t\t\t\t\n\t\t\t\t\n\t\t\t\t\n\t\t\t\t\n\t\t\t\t\n\t\t\t\t\n\t\t\t\t\n\t\t\t\t\n\t\t\t\t\t\t\t\t\t<a rel=\"noopener noreferrer nofollow\" href=\"https:\/\/telegram.me\/share\/url?url=https:\/\/domigo.shop\/de\/about-us-3\/\" target=\"_blank\" class=\"wd-social-icon social-tg\" aria-label=\"Telegram social link\">\n\t\t\t\t\t\t<span class=\"wd-icon\"><\/span>\n\t\t\t\t\t\t\t\t\t\t\t<\/a>\n\t\t\t\t\n\t\t\t\t\n\t\t\t<\/div>\n\n\t\t\t\t\t\t<\/div>\n\t\t\t\t<\/div>\n\t\t\t\t\t<\/div>\n\t\t<\/div>\n\t\t\t\t\t<\/div>\n\t\t<\/section>\n\t\t\t\t\t<\/div>\n\t\t<\/div>\n\t\t\t\t\t<\/div>\n\t\t<\/section>\n\t\t\t\t<\/div>","protected":false},"excerpt":{"rendered":"<p>SEEMINGLY ELEGANT DESIGN About our online store Welcome to our online home furniture store &#8211; your destination for quality furniture<\/p>","protected":false},"author":1,"featured_media":0,"parent":0,"menu_order":0,"comment_status":"closed","ping_status":"closed","template":"","meta":{"footnotes":""},"class_list":["post-4400","page","type-page","status-publish","hentry"],"jetpack_sharing_enabled":true,"_links":{"self":[{"href":"https:\/\/domigo.shop\/de\/wp-json\/wp\/v2\/pages\/4400","targetHints":{"allow":["GET"]}}],"collection":[{"href":"https:\/\/domigo.shop\/de\/wp-json\/wp\/v2\/pages"}],"about":[{"href":"https:\/\/domigo.shop\/de\/wp-json\/wp\/v2\/types\/page"}],"author":[{"embeddable":true,"href":"https:\/\/domigo.shop\/de\/wp-json\/wp\/v2\/users\/1"}],"replies":[{"embeddable":true,"href":"https:\/\/domigo.shop\/de\/wp-json\/wp\/v2\/comments?post=4400"}],"version-history":[{"count":9,"href":"https:\/\/domigo.shop\/de\/wp-json\/wp\/v2\/pages\/4400\/revisions"}],"predecessor-version":[{"id":15669,"href":"https:\/\/domigo.shop\/de\/wp-json\/wp\/v2\/pages\/4400\/revisions\/15669"}],"wp:attachment":[{"href":"https:\/\/domigo.shop\/de\/wp-json\/wp\/v2\/media?parent=4400"}],"curies":[{"name":"wp","href":"https:\/\/api.w.org\/{rel}","templated":true}]}}