{"id":15767,"date":"2023-12-28T18:10:53","date_gmt":"2023-12-28T18:10:53","guid":{"rendered":"https:\/\/domigo.shop\/?post_type=product&#038;p=15767"},"modified":"2024-03-16T10:02:15","modified_gmt":"2024-03-16T10:02:15","slug":"president-model","status":"publish","type":"product","link":"https:\/\/domigo.shop\/de\/product\/president-model\/","title":{"rendered":"President Model"},"content":{"rendered":"<p>Die Garnitur &#8220;President Model&#8221; durchdringt Ihren Raum mit Eleganz und raffiniertem Design, das Ihren Bereich mit unglaublichem Stil hervorhebt. Hergestellt aus sorgf\u00e4ltig ausgew\u00e4hlten hochwertigen Materialien, bietet dieses Set Komfort und Luxus, die jeden Moment in Ihrem Zuhause bereichern werden. Die Sitze sind mit besonderer Aufmerksamkeit f\u00fcr Details geformt, um vollst\u00e4ndige Unterst\u00fctzung und Komfort zu bieten. Der President Model strahlt subtile Raffinesse aus, sei es durch reiche Ledert\u00f6ne oder anspruchsvolle Stoffe. Diese Garnitur repr\u00e4sentiert die perfekte Verbindung von Funktionalit\u00e4t und \u00c4sthetik, und macht Ihren Wohn- oder Arbeitsbereich zu einem Ort, an dem Komfort auf Luxus trifft.<\/p>","protected":false},"excerpt":{"rendered":"<p>3+2+1<\/p>","protected":false},"featured_media":15772,"comment_status":"open","ping_status":"closed","template":"","meta":[],"product_brand":[],"product_cat":[20,75,71],"product_tag":[],"class_list":{"0":"post-15767","1":"product","2":"type-product","3":"status-publish","4":"has-post-thumbnail","6":"product_cat-accessories","7":"product_cat-other-furniture","8":"product_cat-sofas","10":"first","11":"instock","12":"shipping-taxable","13":"purchasable","14":"product-type-simple"},"jetpack_sharing_enabled":true,"_links":{"self":[{"href":"https:\/\/domigo.shop\/de\/wp-json\/wp\/v2\/product\/15767","targetHints":{"allow":["GET"]}}],"collection":[{"href":"https:\/\/domigo.shop\/de\/wp-json\/wp\/v2\/product"}],"about":[{"href":"https:\/\/domigo.shop\/de\/wp-json\/wp\/v2\/types\/product"}],"replies":[{"embeddable":true,"href":"https:\/\/domigo.shop\/de\/wp-json\/wp\/v2\/comments?post=15767"}],"version-history":[{"count":1,"href":"https:\/\/domigo.shop\/de\/wp-json\/wp\/v2\/product\/15767\/revisions"}],"predecessor-version":[{"id":15768,"href":"https:\/\/domigo.shop\/de\/wp-json\/wp\/v2\/product\/15767\/revisions\/15768"}],"wp:featuredmedia":[{"embeddable":true,"href":"https:\/\/domigo.shop\/de\/wp-json\/wp\/v2\/media\/15772"}],"wp:attachment":[{"href":"https:\/\/domigo.shop\/de\/wp-json\/wp\/v2\/media?parent=15767"}],"wp:term":[{"taxonomy":"product_brand","embeddable":true,"href":"https:\/\/domigo.shop\/de\/wp-json\/wp\/v2\/product_brand?post=15767"},{"taxonomy":"product_cat","embeddable":true,"href":"https:\/\/domigo.shop\/de\/wp-json\/wp\/v2\/product_cat?post=15767"},{"taxonomy":"product_tag","embeddable":true,"href":"https:\/\/domigo.shop\/de\/wp-json\/wp\/v2\/product_tag?post=15767"}],"curies":[{"name":"wp","href":"https:\/\/api.w.org\/{rel}","templated":true}]}}