{"id":15750,"date":"2023-12-14T09:34:32","date_gmt":"2023-12-14T09:34:32","guid":{"rendered":"https:\/\/domigo.shop\/?post_type=product&#038;p=15750"},"modified":"2023-12-14T09:34:32","modified_gmt":"2023-12-14T09:34:32","slug":"chester-sofa","status":"publish","type":"product","link":"https:\/\/domigo.shop\/en\/product\/chester-sofa\/","title":{"rendered":"Chester sofa"},"content":{"rendered":"<p>Die Chester-Sofa ist ein elegantes und klassisches Sofa, das sich durch ihr unverwechselbares Design und ihren luxuri\u00f6sen Look auszeichnet. Dieses Sofa hat oft tiefe Kn\u00f6pfe auf der R\u00fcckenlehne und den Armlehnen, die ihm sein charakteristisches Aussehen verleihen. Es ist in der Regel aus hochwertigem Leder oder hochwertigem Stoff gefertigt und wird oft in dunklen, reichen Farben wie dunkelbraun oder schwarz angeboten. Die Chester-Sofa steht f\u00fcr Komfort und Luxus und verleiht jedem Raum, in dem sie steht, einen Hauch von Eleganz. Dieses Sofa ist die ideale Wahl f\u00fcr diejenigen, die traditionelles und anspruchsvolles Design sch\u00e4tzen.<\/p>\n","protected":false},"excerpt":{"rendered":"<p>Chester sofa 240x300cm<\/p>\n","protected":false},"featured_media":15751,"comment_status":"open","ping_status":"closed","template":"","meta":[],"product_brand":[],"product_cat":[75,71],"product_tag":[79,78],"class_list":{"0":"post-15750","1":"product","2":"type-product","3":"status-publish","4":"has-post-thumbnail","6":"product_cat-other-furniture","7":"product_cat-sofas","8":"product_tag-furniture","9":"product_tag-sofas","11":"first","12":"instock","13":"shipping-taxable","14":"purchasable","15":"product-type-simple"},"jetpack_sharing_enabled":true,"_links":{"self":[{"href":"https:\/\/domigo.shop\/en\/wp-json\/wp\/v2\/product\/15750","targetHints":{"allow":["GET"]}}],"collection":[{"href":"https:\/\/domigo.shop\/en\/wp-json\/wp\/v2\/product"}],"about":[{"href":"https:\/\/domigo.shop\/en\/wp-json\/wp\/v2\/types\/product"}],"replies":[{"embeddable":true,"href":"https:\/\/domigo.shop\/en\/wp-json\/wp\/v2\/comments?post=15750"}],"version-history":[{"count":1,"href":"https:\/\/domigo.shop\/en\/wp-json\/wp\/v2\/product\/15750\/revisions"}],"predecessor-version":[{"id":15752,"href":"https:\/\/domigo.shop\/en\/wp-json\/wp\/v2\/product\/15750\/revisions\/15752"}],"wp:featuredmedia":[{"embeddable":true,"href":"https:\/\/domigo.shop\/en\/wp-json\/wp\/v2\/media\/15751"}],"wp:attachment":[{"href":"https:\/\/domigo.shop\/en\/wp-json\/wp\/v2\/media?parent=15750"}],"wp:term":[{"taxonomy":"product_brand","embeddable":true,"href":"https:\/\/domigo.shop\/en\/wp-json\/wp\/v2\/product_brand?post=15750"},{"taxonomy":"product_cat","embeddable":true,"href":"https:\/\/domigo.shop\/en\/wp-json\/wp\/v2\/product_cat?post=15750"},{"taxonomy":"product_tag","embeddable":true,"href":"https:\/\/domigo.shop\/en\/wp-json\/wp\/v2\/product_tag?post=15750"}],"curies":[{"name":"wp","href":"https:\/\/api.w.org\/{rel}","templated":true}]}}