{"id":15753,"date":"2023-12-14T09:38:10","date_gmt":"2023-12-14T09:38:10","guid":{"rendered":"https:\/\/domigo.shop\/?post_type=product&#038;p=15753"},"modified":"2024-03-23T09:08:30","modified_gmt":"2024-03-23T09:08:30","slug":"elysian-eleganz","status":"publish","type":"product","link":"https:\/\/domigo.shop\/en\/product\/elysian-eleganz\/","title":{"rendered":"Palermo Silver 3+2+1+1"},"content":{"rendered":"<p>Palermo model repr\u00e4sentiert den H\u00f6hepunkt von Luxus und Komfort in der Welt der M\u00f6bel. Dieses luxuri\u00f6se Sofa- und Sesselset vereint au\u00dfergew\u00f6hnliches Design und hochwertige Materialien. Elegante Linien, sorgf\u00e4ltig handgefertigte Details und erstklassige Materialqualit\u00e4t machen dieses Ensemble zu einer unwiderstehlichen Erg\u00e4nzung f\u00fcr jeden Raum. Jedes St\u00fcck ist sorgf\u00e4ltig geformt, um nicht nur ein \u00e4sthetisches Erlebnis zu bieten, sondern auch perfekten Komfort zu gew\u00e4hrleisten. Elysian Eleganz ist zweifellos der Ausdruck von Luxus, der jeden Raum mit seiner Pr\u00e4senz bereichern wird.<\/p>\n","protected":false},"excerpt":{"rendered":"<p>Preis: 2300,00 \u20ac Dreisitzer, Zweisitzer + 1 Sessel<\/p>\n","protected":false},"featured_media":15755,"comment_status":"open","ping_status":"closed","template":"","meta":[],"product_brand":[],"product_cat":[75,71],"product_tag":[79,78],"class_list":{"0":"post-15753","1":"product","2":"type-product","3":"status-publish","4":"has-post-thumbnail","6":"product_cat-other-furniture","7":"product_cat-sofas","8":"product_tag-furniture","9":"product_tag-sofas","11":"first","12":"instock","13":"shipping-taxable","14":"purchasable","15":"product-type-simple"},"jetpack_sharing_enabled":true,"_links":{"self":[{"href":"https:\/\/domigo.shop\/en\/wp-json\/wp\/v2\/product\/15753","targetHints":{"allow":["GET"]}}],"collection":[{"href":"https:\/\/domigo.shop\/en\/wp-json\/wp\/v2\/product"}],"about":[{"href":"https:\/\/domigo.shop\/en\/wp-json\/wp\/v2\/types\/product"}],"replies":[{"embeddable":true,"href":"https:\/\/domigo.shop\/en\/wp-json\/wp\/v2\/comments?post=15753"}],"version-history":[{"count":3,"href":"https:\/\/domigo.shop\/en\/wp-json\/wp\/v2\/product\/15753\/revisions"}],"predecessor-version":[{"id":15853,"href":"https:\/\/domigo.shop\/en\/wp-json\/wp\/v2\/product\/15753\/revisions\/15853"}],"wp:featuredmedia":[{"embeddable":true,"href":"https:\/\/domigo.shop\/en\/wp-json\/wp\/v2\/media\/15755"}],"wp:attachment":[{"href":"https:\/\/domigo.shop\/en\/wp-json\/wp\/v2\/media?parent=15753"}],"wp:term":[{"taxonomy":"product_brand","embeddable":true,"href":"https:\/\/domigo.shop\/en\/wp-json\/wp\/v2\/product_brand?post=15753"},{"taxonomy":"product_cat","embeddable":true,"href":"https:\/\/domigo.shop\/en\/wp-json\/wp\/v2\/product_cat?post=15753"},{"taxonomy":"product_tag","embeddable":true,"href":"https:\/\/domigo.shop\/en\/wp-json\/wp\/v2\/product_tag?post=15753"}],"curies":[{"name":"wp","href":"https:\/\/api.w.org\/{rel}","templated":true}]}}