{"id":15779,"date":"2023-12-28T18:21:04","date_gmt":"2023-12-28T18:21:04","guid":{"rendered":"https:\/\/domigo.shop\/?post_type=product&#038;p=15779"},"modified":"2023-12-28T18:21:04","modified_gmt":"2023-12-28T18:21:04","slug":"maxi-bed","status":"publish","type":"product","link":"https:\/\/domigo.shop\/en\/product\/maxi-bed\/","title":{"rendered":"Maxi bed"},"content":{"rendered":"<p>Das &#8220;Maxi Bed&#8221; vereint Komfort und einfaches, elegantes Design. Hergestellt aus sorgf\u00e4ltig ausgew\u00e4hlten Materialien, bietet dieses Bett einen gem\u00fctlichen Ort zum Ausruhen und Regenerieren. Mit seinen klaren Linien und neutralen T\u00f6nen f\u00fcgt sich das &#8220;Maxi Bed&#8221; problemlos in verschiedene Raumkonzepte ein und ist eine hervorragende Erg\u00e4nzung f\u00fcr jedes Schlafzimmer. Einfach, aber anspruchsvoll, ist dieses Bett ideal f\u00fcr diejenigen, die Minimalismus sch\u00e4tzen und eine qualitativ hochwertige Nachtruhe in einem Raum schlichten Charmes suchen.<\/p>\n","protected":false},"excerpt":{"rendered":"<p>Das &#8220;Maxi Bed&#8221; vereint Komfort und einfaches, elegantes Design. Hergestellt aus sorgf\u00e4ltig ausgew\u00e4hlten Materialien, bietet dieses Bett einen gem\u00fctlichen Ort<\/p>\n","protected":false},"featured_media":15780,"comment_status":"open","ping_status":"closed","template":"","meta":[],"product_brand":[],"product_cat":[20,74,75],"product_tag":[],"class_list":{"0":"post-15779","1":"product","2":"type-product","3":"status-publish","4":"has-post-thumbnail","6":"product_cat-accessories","7":"product_cat-beds","8":"product_cat-other-furniture","10":"first","11":"instock","12":"shipping-taxable","13":"purchasable","14":"product-type-simple"},"jetpack_sharing_enabled":true,"_links":{"self":[{"href":"https:\/\/domigo.shop\/en\/wp-json\/wp\/v2\/product\/15779","targetHints":{"allow":["GET"]}}],"collection":[{"href":"https:\/\/domigo.shop\/en\/wp-json\/wp\/v2\/product"}],"about":[{"href":"https:\/\/domigo.shop\/en\/wp-json\/wp\/v2\/types\/product"}],"replies":[{"embeddable":true,"href":"https:\/\/domigo.shop\/en\/wp-json\/wp\/v2\/comments?post=15779"}],"version-history":[{"count":1,"href":"https:\/\/domigo.shop\/en\/wp-json\/wp\/v2\/product\/15779\/revisions"}],"predecessor-version":[{"id":15781,"href":"https:\/\/domigo.shop\/en\/wp-json\/wp\/v2\/product\/15779\/revisions\/15781"}],"wp:featuredmedia":[{"embeddable":true,"href":"https:\/\/domigo.shop\/en\/wp-json\/wp\/v2\/media\/15780"}],"wp:attachment":[{"href":"https:\/\/domigo.shop\/en\/wp-json\/wp\/v2\/media?parent=15779"}],"wp:term":[{"taxonomy":"product_brand","embeddable":true,"href":"https:\/\/domigo.shop\/en\/wp-json\/wp\/v2\/product_brand?post=15779"},{"taxonomy":"product_cat","embeddable":true,"href":"https:\/\/domigo.shop\/en\/wp-json\/wp\/v2\/product_cat?post=15779"},{"taxonomy":"product_tag","embeddable":true,"href":"https:\/\/domigo.shop\/en\/wp-json\/wp\/v2\/product_tag?post=15779"}],"curies":[{"name":"wp","href":"https:\/\/api.w.org\/{rel}","templated":true}]}}