{"id":16337,"date":"2026-04-28T09:16:13","date_gmt":"2026-04-28T09:16:13","guid":{"rendered":"https:\/\/domigo.shop\/?post_type=product&#038;p=16337"},"modified":"2026-04-28T09:16:13","modified_gmt":"2026-04-28T09:16:13","slug":"trosjed-pinorio","status":"publish","type":"product","link":"https:\/\/domigo.shop\/en\/product\/trosjed-pinorio\/","title":{"rendered":"Trosjed Pinorio"},"content":{"rendered":"<section class=\"text-token-text-primary w-full focus:outline-none [--shadow-height:45px] has-data-writing-block:pointer-events-none has-data-writing-block:-mt-(--shadow-height) has-data-writing-block:pt-(--shadow-height) [&amp;:has([data-writing-block])&gt;*]:pointer-events-auto R6Vx5W_threadScrollVars scroll-mb-[calc(var(--scroll-root-safe-area-inset-bottom,0px)+var(--thread-response-height))] scroll-mt-(--header-height)\" dir=\"auto\" data-turn-id=\"ac86eb2f-4761-43a4-b12a-a840921c8072\" data-testid=\"conversation-turn-3\" data-scroll-anchor=\"false\" data-turn=\"user\"><\/section>\n<section class=\"text-token-text-primary w-full focus:outline-none [--shadow-height:45px] has-data-writing-block:pointer-events-none has-data-writing-block:-mt-(--shadow-height) has-data-writing-block:pt-(--shadow-height) [&amp;:has([data-writing-block])&gt;*]:pointer-events-auto [content-visibility:auto] supports-[content-visibility:auto]:[contain-intrinsic-size:auto_100lvh] R6Vx5W_threadScrollVars scroll-mb-[calc(var(--scroll-root-safe-area-inset-bottom,0px)+var(--thread-response-height))] scroll-mt-[calc(var(--header-height)+min(200px,max(70px,20svh)))]\" dir=\"auto\" data-turn-id=\"request-WEB:1a37b633-b002-4941-a2ec-0e6b1be9a0bc-1\" data-testid=\"conversation-turn-4\" data-scroll-anchor=\"false\" data-turn=\"assistant\">\n<div class=\"text-base my-auto mx-auto pb-10 [--thread-content-margin:var(--thread-content-margin-xs,calc(var(--spacing)*4))] @w-sm\/main:[--thread-content-margin:var(--thread-content-margin-sm,calc(var(--spacing)*6))] @w-lg\/main:[--thread-content-margin:var(--thread-content-margin-lg,calc(var(--spacing)*16))] px-(--thread-content-margin)\">\n<div class=\"[--thread-content-max-width:40rem] @w-lg\/main:[--thread-content-max-width:48rem] mx-auto max-w-(--thread-content-max-width) flex-1 group\/turn-messages focus-visible:outline-hidden relative flex w-full min-w-0 flex-col agent-turn\">\n<div class=\"flex max-w-full flex-col gap-4 grow\">\n<div class=\"min-h-8 text-message relative flex w-full flex-col items-end gap-2 text-start break-words whitespace-normal outline-none keyboard-focused:focus-ring [.text-message+&amp;]:mt-1\" dir=\"auto\" tabindex=\"0\" data-message-author-role=\"assistant\" data-message-id=\"1a963e22-ca43-4d40-8b2b-6a7578e70574\" data-message-model-slug=\"gpt-5-3\" data-turn-start-message=\"true\">\n<div class=\"flex w-full flex-col gap-1 empty:hidden\">\n<div class=\"markdown prose dark:prose-invert w-full wrap-break-word light markdown-new-styling\">\n<p data-start=\"0\" data-end=\"274\">Trosjed <strong data-start=\"8\" data-end=\"18\">Legero<\/strong> predstavlja savr\u0161en spoj modernog dizajna, udobnosti i funkcionalnosti, \u010dine\u0107i ga idealnim izborom za svaki dnevni boravak. Njegove \u010diste linije i elegantan izgled lako se uklapaju u razli\u010dite stilove enterijera \u2013 od minimalisti\u010dkih do klasi\u010dnih prostora.<\/p>\n<p data-start=\"276\" data-end=\"619\">Posebna prednost ovog modela je njegova prakti\u010dnost. Jednostavnim mehanizmom trosjed se brzo i lako pretvara u udoban le\u017eaj, \u0161to ga \u010dini odli\u010dnim rje\u0161enjem za svakodnevno spavanje ili smje\u0161taj gostiju. Uz to, posjeduje i prostran sanduk za odlaganje, savr\u0161en za posteljinu, jastuke ili druge stvari koje \u017eelite imati pri ruci, a van vidokruga.<\/p>\n<p data-start=\"621\" data-end=\"879\">Sjede\u0107i dio i nasloni dizajnirani su tako da pru\u017eaju maksimalnu udobnost, bilo da se radi o opu\u0161tanju nakon napornog dana ili dru\u017eenju s porodicom i prijateljima. Kvalitetna izrada i pa\u017eljivo odabrani materijali osiguravaju dugotrajnost i postojanost oblika.<\/p>\n<p data-start=\"881\" data-end=\"1068\">Jedna od najve\u0107ih prednosti trosjeda Legero je mogu\u0107nost potpune personalizacije. Kupac mo\u017ee birati boju, \u0161tof i zavr\u0161nu obradu, \u010dime se posti\u017ee savr\u0161eno uklapanje u prostor i li\u010dni stil.<\/p>\n<p data-start=\"1070\" data-end=\"1295\" data-is-last-node=\"\" data-is-only-node=\"\">Vanjske dimenzije trosjeda su 230 \u00d7 100 cm, \u0161to ga \u010dini dovoljno prostranim, ali i prakti\u010dnim za ve\u0107inu prostora. Kada se razvije, unutarnja dimenzija za spavanje iznosi 180 \u00d7 80 cm, pru\u017eaju\u0107i dovoljno mjesta za udoban odmor.<\/p>\n<\/div>\n<\/div>\n<\/div>\n<\/div>\n<\/div>\n<\/div>\n<\/section>\n","protected":false},"excerpt":{"rendered":"<section class=\"text-token-text-primary w-full focus:outline-none [--shadow-height:45px] has-data-writing-block:pointer-events-none has-data-writing-block:-mt-(--shadow-height) has-data-writing-block:pt-(--shadow-height) [&amp;:has([data-writing-block])&gt;*]:pointer-events-auto R6Vx5W_threadScrollVars scroll-mb-[calc(var(--scroll-root-safe-area-inset-bottom,0px)+var(--thread-response-height))] scroll-mt-(--header-height)\" dir=\"auto\" data-turn-id=\"713cb0c5-88bd-4001-a65f-fbd2d2f87360\" data-testid=\"conversation-turn-1\" data-scroll-anchor=\"false\" data-turn=\"user\"><\/section>\n<section class=\"text-token-text-primary w-full focus:outline-none [--shadow-height:45px] has-data-writing-block:pointer-events-none has-data-writing-block:-mt-(--shadow-height) has-data-writing-block:pt-(--shadow-height) [&amp;:has([data-writing-block])&gt;*]:pointer-events-auto [content-visibility:auto] supports-[content-visibility:auto]:[contain-intrinsic-size:auto_100lvh] R6Vx5W_threadScrollVars scroll-mb-[calc(var(--scroll-root-safe-area-inset-bottom,0px)+var(--thread-response-height))] scroll-mt-[calc(var(--header-height)+min(200px,max(70px,20svh)))]\" dir=\"auto\" data-turn-id=\"request-WEB:1a37b633-b002-4941-a2ec-0e6b1be9a0bc-0\" data-testid=\"conversation-turn-2\" data-scroll-anchor=\"false\" data-turn=\"assistant\">\n<div class=\"text-base my-auto mx-auto pb-10 [--thread-content-margin:var(--thread-content-margin-xs,calc(var(--spacing)*4))] @w-sm\/main:[--thread-content-margin:var(--thread-content-margin-sm,calc(var(--spacing)*6))] @w-lg\/main:[--thread-content-margin:var(--thread-content-margin-lg,calc(var(--spacing)*16))] px-(--thread-content-margin)\">\n<div class=\"[--thread-content-max-width:40rem] @w-lg\/main:[--thread-content-max-width:48rem] mx-auto max-w-(--thread-content-max-width) flex-1 group\/turn-messages focus-visible:outline-hidden relative flex w-full min-w-0 flex-col agent-turn\">\n<div class=\"flex max-w-full flex-col gap-4 grow\">\n<div class=\"min-h-8 text-message relative flex w-full flex-col items-end gap-2 text-start break-words whitespace-normal outline-none keyboard-focused:focus-ring [.text-message+&amp;]:mt-1\" dir=\"auto\" tabindex=\"0\" data-message-author-role=\"assistant\" data-message-id=\"44166af6-bdd3-4f9f-bc9c-b1ad946707af\" data-message-model-slug=\"gpt-5-3\" data-turn-start-message=\"true\">\n<div class=\"flex w-full flex-col gap-1 empty:hidden\">\n<div class=\"markdown prose dark:prose-invert w-full wrap-break-word light markdown-new-styling\">\n<p data-start=\"0\" data-end=\"383\">Trosjed <strong data-start=\"8\" data-end=\"18\">Legero<\/strong> u pa\u017eljivo odabranom \u0161tofu postaje centralni komad svakog dnevnog prostora. Moderan dizajn u kombinaciji s prakti\u010dnim rje\u0161enjima \u010dini ovaj model odli\u010dnim izborom za svakodnevnu upotrebu. Trosjed se jednostavno razvla\u010di u udoban le\u017eaj te posjeduje prostran sanduk za odlaganje. Boja i \u0161tof biraju se prema \u017eelji kupca, kako bi se savr\u0161eno uklopio u va\u0161 enterijer. Vanjske dimenzije trosjeda iznose 230 \u00d7 100 cm, dok je unutarnji prostor za spavanje 180 \u00d7 80 cm.<\/p>\n<\/div>\n<\/div>\n<\/div>\n<\/div>\n<\/div>\n<\/div>\n<\/section>\n","protected":false},"featured_media":16338,"comment_status":"open","ping_status":"closed","template":"","meta":[],"product_brand":[],"product_cat":[71],"product_tag":[],"class_list":{"0":"post-16337","1":"product","2":"type-product","3":"status-publish","4":"has-post-thumbnail","6":"product_cat-sofas","8":"first","9":"instock","10":"shipping-taxable","11":"purchasable","12":"product-type-simple"},"jetpack_sharing_enabled":true,"_links":{"self":[{"href":"https:\/\/domigo.shop\/en\/wp-json\/wp\/v2\/product\/16337","targetHints":{"allow":["GET"]}}],"collection":[{"href":"https:\/\/domigo.shop\/en\/wp-json\/wp\/v2\/product"}],"about":[{"href":"https:\/\/domigo.shop\/en\/wp-json\/wp\/v2\/types\/product"}],"replies":[{"embeddable":true,"href":"https:\/\/domigo.shop\/en\/wp-json\/wp\/v2\/comments?post=16337"}],"version-history":[{"count":2,"href":"https:\/\/domigo.shop\/en\/wp-json\/wp\/v2\/product\/16337\/revisions"}],"predecessor-version":[{"id":16347,"href":"https:\/\/domigo.shop\/en\/wp-json\/wp\/v2\/product\/16337\/revisions\/16347"}],"wp:featuredmedia":[{"embeddable":true,"href":"https:\/\/domigo.shop\/en\/wp-json\/wp\/v2\/media\/16338"}],"wp:attachment":[{"href":"https:\/\/domigo.shop\/en\/wp-json\/wp\/v2\/media?parent=16337"}],"wp:term":[{"taxonomy":"product_brand","embeddable":true,"href":"https:\/\/domigo.shop\/en\/wp-json\/wp\/v2\/product_brand?post=16337"},{"taxonomy":"product_cat","embeddable":true,"href":"https:\/\/domigo.shop\/en\/wp-json\/wp\/v2\/product_cat?post=16337"},{"taxonomy":"product_tag","embeddable":true,"href":"https:\/\/domigo.shop\/en\/wp-json\/wp\/v2\/product_tag?post=16337"}],"curies":[{"name":"wp","href":"https:\/\/api.w.org\/{rel}","templated":true}]}}